{"id":4959,"date":"2020-03-15T18:24:27","date_gmt":"2020-03-15T17:24:27","guid":{"rendered":"http:\/\/celinedugas-photographe.fr\/?page_id=4959"},"modified":"2020-03-20T19:03:17","modified_gmt":"2020-03-20T18:03:17","slug":"seance-en-famille","status":"publish","type":"page","link":"https:\/\/celinedugas-photographe.fr\/?page_id=4959","title":{"rendered":"~ S\u00e9ance en Famille ~"},"content":{"rendered":"\n<div class=\"wp-block-image is-style-circle-mask\"><figure class=\"aligncenter size-large is-resized\"><img decoding=\"async\" src=\"https:\/\/celinedugas-photographe.fr\/wp-content\/uploads\/2018\/03\/DSC04900-2-1024x683.jpg\" alt=\"\" class=\"wp-image-4681\" width=\"400\" srcset=\"https:\/\/celinedugas-photographe.fr\/wp-content\/uploads\/2018\/03\/DSC04900-2-1024x683.jpg 1024w, https:\/\/celinedugas-photographe.fr\/wp-content\/uploads\/2018\/03\/DSC04900-2-300x200.jpg 300w, https:\/\/celinedugas-photographe.fr\/wp-content\/uploads\/2018\/03\/DSC04900-2-768x512.jpg 768w, https:\/\/celinedugas-photographe.fr\/wp-content\/uploads\/2018\/03\/DSC04900-2-705x470.jpg 705w, https:\/\/celinedugas-photographe.fr\/wp-content\/uploads\/2018\/03\/DSC04900-2.jpg 2048w\" sizes=\"(max-width: 1024px) 100vw, 1024px\" \/><\/figure><\/div>\n\n\n\n<p class=\"has-text-align-center\"><br>Une petite s\u00e9ance en famille, c\u2019est une occasion parfaite pour passer un bon moment et avoir de belles photos souvenir!<br><br>Dans un parc, au bord d\u2019un lac, dans votre maison ou jardin&#8230; La s\u00e9ance se d\u00e9roulera dans le lieu de votre choix et durera une petite heure.<br><br>Vos animaux ? Il peuvent \u00e9galement se joindre \u00e0 nous pour la s\u00e9ance photo!<br><br>N&rsquo;h\u00e9sitez pas \u00e0 me contacter pour avoir plus d&rsquo;informations<br><\/p>\n\n\n\n<div style=\"height:100px\" aria-hidden=\"true\" class=\"wp-block-spacer\"><\/div>\n\n\n\n<figure class=\"wp-block-gallery columns-4 wp-block-gallery-1 is-layout-flex wp-block-gallery-is-layout-flex\"><ul class=\"blocks-gallery-grid\"><li class=\"blocks-gallery-item\"><figure><a href=\"https:\/\/celinedugas-photographe.fr\/wp-content\/uploads\/2020\/03\/DSC07846-1024x683.jpg\"><img loading=\"lazy\" decoding=\"async\" width=\"1024\" height=\"683\" src=\"https:\/\/celinedugas-photographe.fr\/wp-content\/uploads\/2020\/03\/DSC07846-1024x683.jpg\" alt=\"\" data-id=\"4961\" data-link=\"https:\/\/celinedugas-photographe.fr\/?attachment_id=4961\" class=\"wp-image-4961\" srcset=\"https:\/\/celinedugas-photographe.fr\/wp-content\/uploads\/2020\/03\/DSC07846-1024x683.jpg 1024w, https:\/\/celinedugas-photographe.fr\/wp-content\/uploads\/2020\/03\/DSC07846-300x200.jpg 300w, https:\/\/celinedugas-photographe.fr\/wp-content\/uploads\/2020\/03\/DSC07846-768x512.jpg 768w, https:\/\/celinedugas-photographe.fr\/wp-content\/uploads\/2020\/03\/DSC07846-1536x1024.jpg 1536w, https:\/\/celinedugas-photographe.fr\/wp-content\/uploads\/2020\/03\/DSC07846-705x470.jpg 705w, https:\/\/celinedugas-photographe.fr\/wp-content\/uploads\/2020\/03\/DSC07846.jpg 1920w\" sizes=\"auto, (max-width: 1024px) 100vw, 1024px\" \/><\/a><\/figure><\/li><li class=\"blocks-gallery-item\"><figure><a href=\"https:\/\/celinedugas-photographe.fr\/wp-content\/uploads\/2018\/03\/DSC04900-2-1024x683.jpg\"><img loading=\"lazy\" decoding=\"async\" width=\"1024\" height=\"683\" src=\"https:\/\/celinedugas-photographe.fr\/wp-content\/uploads\/2018\/03\/DSC04900-2-1024x683.jpg\" alt=\"\" data-id=\"4681\" data-link=\"https:\/\/celinedugas-photographe.fr\/index.php\/galleries\/8-accueil-n-1\/dsc04900-2\/\" class=\"wp-image-4681\" srcset=\"https:\/\/celinedugas-photographe.fr\/wp-content\/uploads\/2018\/03\/DSC04900-2-1024x683.jpg 1024w, https:\/\/celinedugas-photographe.fr\/wp-content\/uploads\/2018\/03\/DSC04900-2-300x200.jpg 300w, https:\/\/celinedugas-photographe.fr\/wp-content\/uploads\/2018\/03\/DSC04900-2-768x512.jpg 768w, https:\/\/celinedugas-photographe.fr\/wp-content\/uploads\/2018\/03\/DSC04900-2-705x470.jpg 705w, https:\/\/celinedugas-photographe.fr\/wp-content\/uploads\/2018\/03\/DSC04900-2.jpg 2048w\" sizes=\"auto, (max-width: 1024px) 100vw, 1024px\" \/><\/a><\/figure><\/li><li class=\"blocks-gallery-item\"><figure><a href=\"https:\/\/celinedugas-photographe.fr\/wp-content\/uploads\/2018\/03\/DSC04834-1024x683.jpg\"><img loading=\"lazy\" decoding=\"async\" width=\"1024\" height=\"683\" src=\"https:\/\/celinedugas-photographe.fr\/wp-content\/uploads\/2018\/03\/DSC04834-1024x683.jpg\" alt=\"\" data-id=\"4680\" data-link=\"https:\/\/celinedugas-photographe.fr\/index.php\/galleries\/8-accueil-n-1\/dsc04834\/\" class=\"wp-image-4680\" srcset=\"https:\/\/celinedugas-photographe.fr\/wp-content\/uploads\/2018\/03\/DSC04834-1024x683.jpg 1024w, https:\/\/celinedugas-photographe.fr\/wp-content\/uploads\/2018\/03\/DSC04834-300x200.jpg 300w, https:\/\/celinedugas-photographe.fr\/wp-content\/uploads\/2018\/03\/DSC04834-768x512.jpg 768w, https:\/\/celinedugas-photographe.fr\/wp-content\/uploads\/2018\/03\/DSC04834-705x470.jpg 705w, https:\/\/celinedugas-photographe.fr\/wp-content\/uploads\/2018\/03\/DSC04834.jpg 2048w\" sizes=\"auto, (max-width: 1024px) 100vw, 1024px\" \/><\/a><\/figure><\/li><li class=\"blocks-gallery-item\"><figure><a href=\"https:\/\/celinedugas-photographe.fr\/wp-content\/uploads\/2020\/03\/DSC08120-1024x683.jpg\"><img loading=\"lazy\" decoding=\"async\" width=\"1024\" height=\"683\" src=\"https:\/\/celinedugas-photographe.fr\/wp-content\/uploads\/2020\/03\/DSC08120-1024x683.jpg\" alt=\"\" data-id=\"4963\" data-link=\"https:\/\/celinedugas-photographe.fr\/?attachment_id=4963\" class=\"wp-image-4963\" srcset=\"https:\/\/celinedugas-photographe.fr\/wp-content\/uploads\/2020\/03\/DSC08120-1024x683.jpg 1024w, https:\/\/celinedugas-photographe.fr\/wp-content\/uploads\/2020\/03\/DSC08120-300x200.jpg 300w, https:\/\/celinedugas-photographe.fr\/wp-content\/uploads\/2020\/03\/DSC08120-768x512.jpg 768w, https:\/\/celinedugas-photographe.fr\/wp-content\/uploads\/2020\/03\/DSC08120-1536x1024.jpg 1536w, https:\/\/celinedugas-photographe.fr\/wp-content\/uploads\/2020\/03\/DSC08120-705x470.jpg 705w, https:\/\/celinedugas-photographe.fr\/wp-content\/uploads\/2020\/03\/DSC08120.jpg 1920w\" sizes=\"auto, (max-width: 1024px) 100vw, 1024px\" \/><\/a><\/figure><\/li><li class=\"blocks-gallery-item\"><figure><a href=\"https:\/\/celinedugas-photographe.fr\/wp-content\/uploads\/2016\/07\/DSC02198-1024x683.jpg\"><img loading=\"lazy\" decoding=\"async\" width=\"1024\" height=\"683\" src=\"https:\/\/celinedugas-photographe.fr\/wp-content\/uploads\/2016\/07\/DSC02198-1024x683.jpg\" alt=\"\" data-id=\"4089\" data-link=\"https:\/\/celinedugas-photographe.fr\/dsc02198\/\" class=\"wp-image-4089\" srcset=\"https:\/\/celinedugas-photographe.fr\/wp-content\/uploads\/2016\/07\/DSC02198-1024x683.jpg 1024w, https:\/\/celinedugas-photographe.fr\/wp-content\/uploads\/2016\/07\/DSC02198-300x200.jpg 300w, https:\/\/celinedugas-photographe.fr\/wp-content\/uploads\/2016\/07\/DSC02198-768x512.jpg 768w, https:\/\/celinedugas-photographe.fr\/wp-content\/uploads\/2016\/07\/DSC02198-705x470.jpg 705w, https:\/\/celinedugas-photographe.fr\/wp-content\/uploads\/2016\/07\/DSC02198.jpg 2048w\" sizes=\"auto, (max-width: 1024px) 100vw, 1024px\" \/><\/a><\/figure><\/li><li class=\"blocks-gallery-item\"><figure><a href=\"https:\/\/celinedugas-photographe.fr\/wp-content\/uploads\/2016\/04\/DSC09079-2.jpg\"><img loading=\"lazy\" decoding=\"async\" width=\"1000\" height=\"667\" src=\"https:\/\/celinedugas-photographe.fr\/wp-content\/uploads\/2016\/04\/DSC09079-2.jpg\" alt=\"\" data-id=\"3986\" data-link=\"https:\/\/celinedugas-photographe.fr\/dsc09079-2\/\" class=\"wp-image-3986\" srcset=\"https:\/\/celinedugas-photographe.fr\/wp-content\/uploads\/2016\/04\/DSC09079-2.jpg 1000w, https:\/\/celinedugas-photographe.fr\/wp-content\/uploads\/2016\/04\/DSC09079-2-300x200.jpg 300w, https:\/\/celinedugas-photographe.fr\/wp-content\/uploads\/2016\/04\/DSC09079-2-768x512.jpg 768w, https:\/\/celinedugas-photographe.fr\/wp-content\/uploads\/2016\/04\/DSC09079-2-705x470.jpg 705w\" sizes=\"auto, (max-width: 1000px) 100vw, 1000px\" \/><\/a><\/figure><\/li><li class=\"blocks-gallery-item\"><figure><a href=\"https:\/\/celinedugas-photographe.fr\/wp-content\/uploads\/2016\/07\/DSC02076-1024x683.jpg\"><img loading=\"lazy\" decoding=\"async\" width=\"1024\" height=\"683\" src=\"https:\/\/celinedugas-photographe.fr\/wp-content\/uploads\/2016\/07\/DSC02076-1024x683.jpg\" alt=\"\" data-id=\"4093\" data-link=\"https:\/\/celinedugas-photographe.fr\/dsc02076\/\" class=\"wp-image-4093\" srcset=\"https:\/\/celinedugas-photographe.fr\/wp-content\/uploads\/2016\/07\/DSC02076-1024x683.jpg 1024w, https:\/\/celinedugas-photographe.fr\/wp-content\/uploads\/2016\/07\/DSC02076-300x200.jpg 300w, https:\/\/celinedugas-photographe.fr\/wp-content\/uploads\/2016\/07\/DSC02076-768x512.jpg 768w, https:\/\/celinedugas-photographe.fr\/wp-content\/uploads\/2016\/07\/DSC02076-705x470.jpg 705w, https:\/\/celinedugas-photographe.fr\/wp-content\/uploads\/2016\/07\/DSC02076.jpg 2048w\" sizes=\"auto, (max-width: 1024px) 100vw, 1024px\" \/><\/a><\/figure><\/li><li class=\"blocks-gallery-item\"><figure><a href=\"https:\/\/celinedugas-photographe.fr\/wp-content\/uploads\/2018\/08\/DSC05754-1024x683.jpg\"><img loading=\"lazy\" decoding=\"async\" width=\"1024\" height=\"683\" src=\"https:\/\/celinedugas-photographe.fr\/wp-content\/uploads\/2018\/08\/DSC05754-1024x683.jpg\" alt=\"\" data-id=\"4684\" data-link=\"https:\/\/celinedugas-photographe.fr\/dsc05754\/\" class=\"wp-image-4684\" srcset=\"https:\/\/celinedugas-photographe.fr\/wp-content\/uploads\/2018\/08\/DSC05754-1024x683.jpg 1024w, https:\/\/celinedugas-photographe.fr\/wp-content\/uploads\/2018\/08\/DSC05754-300x200.jpg 300w, https:\/\/celinedugas-photographe.fr\/wp-content\/uploads\/2018\/08\/DSC05754-768x512.jpg 768w, https:\/\/celinedugas-photographe.fr\/wp-content\/uploads\/2018\/08\/DSC05754-705x470.jpg 705w, https:\/\/celinedugas-photographe.fr\/wp-content\/uploads\/2018\/08\/DSC05754.jpg 2048w\" sizes=\"auto, (max-width: 1024px) 100vw, 1024px\" \/><\/a><\/figure><\/li><li class=\"blocks-gallery-item\"><figure><a href=\"https:\/\/celinedugas-photographe.fr\/wp-content\/uploads\/2020\/03\/DSC07858-683x1024.jpg\"><img loading=\"lazy\" decoding=\"async\" width=\"683\" height=\"1024\" src=\"https:\/\/celinedugas-photographe.fr\/wp-content\/uploads\/2020\/03\/DSC07858-683x1024.jpg\" alt=\"\" data-id=\"4962\" data-link=\"https:\/\/celinedugas-photographe.fr\/?attachment_id=4962\" class=\"wp-image-4962\" srcset=\"https:\/\/celinedugas-photographe.fr\/wp-content\/uploads\/2020\/03\/DSC07858-683x1024.jpg 683w, https:\/\/celinedugas-photographe.fr\/wp-content\/uploads\/2020\/03\/DSC07858-200x300.jpg 200w, https:\/\/celinedugas-photographe.fr\/wp-content\/uploads\/2020\/03\/DSC07858-768x1152.jpg 768w, https:\/\/celinedugas-photographe.fr\/wp-content\/uploads\/2020\/03\/DSC07858-1024x1536.jpg 1024w, https:\/\/celinedugas-photographe.fr\/wp-content\/uploads\/2020\/03\/DSC07858-705x1058.jpg 705w, https:\/\/celinedugas-photographe.fr\/wp-content\/uploads\/2020\/03\/DSC07858.jpg 1280w\" sizes=\"auto, (max-width: 683px) 100vw, 683px\" \/><\/a><\/figure><\/li><li class=\"blocks-gallery-item\"><figure><a href=\"https:\/\/celinedugas-photographe.fr\/wp-content\/uploads\/2016\/12\/DSC02368-683x1024.jpg\"><img loading=\"lazy\" decoding=\"async\" width=\"683\" height=\"1024\" src=\"https:\/\/celinedugas-photographe.fr\/wp-content\/uploads\/2016\/12\/DSC02368-683x1024.jpg\" alt=\"\" data-id=\"4362\" data-link=\"https:\/\/celinedugas-photographe.fr\/index.php\/galleries\/familles\/dsc02368\/\" class=\"wp-image-4362\" srcset=\"https:\/\/celinedugas-photographe.fr\/wp-content\/uploads\/2016\/12\/DSC02368-683x1024.jpg 683w, https:\/\/celinedugas-photographe.fr\/wp-content\/uploads\/2016\/12\/DSC02368-200x300.jpg 200w, https:\/\/celinedugas-photographe.fr\/wp-content\/uploads\/2016\/12\/DSC02368-768x1152.jpg 768w, https:\/\/celinedugas-photographe.fr\/wp-content\/uploads\/2016\/12\/DSC02368-705x1058.jpg 705w, https:\/\/celinedugas-photographe.fr\/wp-content\/uploads\/2016\/12\/DSC02368.jpg 1365w\" sizes=\"auto, (max-width: 683px) 100vw, 683px\" \/><\/a><\/figure><\/li><li class=\"blocks-gallery-item\"><figure><a href=\"https:\/\/celinedugas-photographe.fr\/wp-content\/uploads\/2020\/03\/DSC04882.jpg\"><img loading=\"lazy\" decoding=\"async\" width=\"683\" height=\"1024\" src=\"https:\/\/celinedugas-photographe.fr\/wp-content\/uploads\/2020\/03\/DSC04882-683x1024.jpg\" alt=\"\" data-id=\"4964\" data-full-url=\"https:\/\/celinedugas-photographe.fr\/wp-content\/uploads\/2020\/03\/DSC04882.jpg\" data-link=\"https:\/\/celinedugas-photographe.fr\/?attachment_id=4964\" class=\"wp-image-4964\" srcset=\"https:\/\/celinedugas-photographe.fr\/wp-content\/uploads\/2020\/03\/DSC04882-683x1024.jpg 683w, https:\/\/celinedugas-photographe.fr\/wp-content\/uploads\/2020\/03\/DSC04882-200x300.jpg 200w, https:\/\/celinedugas-photographe.fr\/wp-content\/uploads\/2020\/03\/DSC04882-768x1152.jpg 768w, https:\/\/celinedugas-photographe.fr\/wp-content\/uploads\/2020\/03\/DSC04882-1024x1536.jpg 1024w, https:\/\/celinedugas-photographe.fr\/wp-content\/uploads\/2020\/03\/DSC04882-705x1058.jpg 705w, https:\/\/celinedugas-photographe.fr\/wp-content\/uploads\/2020\/03\/DSC04882.jpg 1280w\" sizes=\"auto, (max-width: 683px) 100vw, 683px\" \/><\/a><\/figure><\/li><li class=\"blocks-gallery-item\"><figure><a href=\"https:\/\/celinedugas-photographe.fr\/wp-content\/uploads\/2020\/03\/DSC04896.jpg\"><img loading=\"lazy\" decoding=\"async\" width=\"683\" height=\"1024\" src=\"https:\/\/celinedugas-photographe.fr\/wp-content\/uploads\/2020\/03\/DSC04896-683x1024.jpg\" alt=\"\" data-id=\"4965\" data-full-url=\"https:\/\/celinedugas-photographe.fr\/wp-content\/uploads\/2020\/03\/DSC04896.jpg\" data-link=\"https:\/\/celinedugas-photographe.fr\/?attachment_id=4965\" class=\"wp-image-4965\" srcset=\"https:\/\/celinedugas-photographe.fr\/wp-content\/uploads\/2020\/03\/DSC04896-683x1024.jpg 683w, https:\/\/celinedugas-photographe.fr\/wp-content\/uploads\/2020\/03\/DSC04896-200x300.jpg 200w, https:\/\/celinedugas-photographe.fr\/wp-content\/uploads\/2020\/03\/DSC04896-768x1152.jpg 768w, https:\/\/celinedugas-photographe.fr\/wp-content\/uploads\/2020\/03\/DSC04896-1024x1536.jpg 1024w, https:\/\/celinedugas-photographe.fr\/wp-content\/uploads\/2020\/03\/DSC04896-705x1058.jpg 705w, https:\/\/celinedugas-photographe.fr\/wp-content\/uploads\/2020\/03\/DSC04896.jpg 1280w\" sizes=\"auto, (max-width: 683px) 100vw, 683px\" \/><\/a><\/figure><\/li><\/ul><\/figure>\n","protected":false},"excerpt":{"rendered":"<p>Une petite s\u00e9ance en famille, c\u2019est une occasion parfaite pour passer un bon moment et avoir de belles photos souvenir! Dans un parc, au bord d\u2019un lac, dans votre maison ou jardin&#8230; La s\u00e9ance se d\u00e9roulera dans le lieu de [&hellip;]<\/p>\n","protected":false},"author":2,"featured_media":0,"parent":0,"menu_order":0,"comment_status":"closed","ping_status":"closed","template":"","meta":{"footnotes":""},"class_list":["post-4959","page","type-page","status-publish","hentry"],"_links":{"self":[{"href":"https:\/\/celinedugas-photographe.fr\/index.php?rest_route=\/wp\/v2\/pages\/4959","targetHints":{"allow":["GET"]}}],"collection":[{"href":"https:\/\/celinedugas-photographe.fr\/index.php?rest_route=\/wp\/v2\/pages"}],"about":[{"href":"https:\/\/celinedugas-photographe.fr\/index.php?rest_route=\/wp\/v2\/types\/page"}],"author":[{"embeddable":true,"href":"https:\/\/celinedugas-photographe.fr\/index.php?rest_route=\/wp\/v2\/users\/2"}],"replies":[{"embeddable":true,"href":"https:\/\/celinedugas-photographe.fr\/index.php?rest_route=%2Fwp%2Fv2%2Fcomments&post=4959"}],"version-history":[{"count":6,"href":"https:\/\/celinedugas-photographe.fr\/index.php?rest_route=\/wp\/v2\/pages\/4959\/revisions"}],"predecessor-version":[{"id":5096,"href":"https:\/\/celinedugas-photographe.fr\/index.php?rest_route=\/wp\/v2\/pages\/4959\/revisions\/5096"}],"wp:attachment":[{"href":"https:\/\/celinedugas-photographe.fr\/index.php?rest_route=%2Fwp%2Fv2%2Fmedia&parent=4959"}],"curies":[{"name":"wp","href":"https:\/\/api.w.org\/{rel}","templated":true}]}}