{"id":5024,"date":"2020-03-16T11:26:53","date_gmt":"2020-03-16T10:26:53","guid":{"rendered":"http:\/\/celinedugas-photographe.fr\/?page_id=5024"},"modified":"2022-11-29T15:38:16","modified_gmt":"2022-11-29T14:38:16","slug":"seance-maternite-2","status":"publish","type":"page","link":"https:\/\/celinedugas-photographe.fr\/?page_id=5024","title":{"rendered":"~ S\u00e9ance Maternit\u00e9 ~"},"content":{"rendered":"<div class=\"wp-block-image is-style-circle-mask is-style-default\">\n<figure class=\"aligncenter size-large is-resized\"><img loading=\"lazy\" decoding=\"async\" src=\"https:\/\/celinedugas-photographe.fr\/wp-content\/uploads\/2017\/03\/DSC02641-2R-1024x683.jpg\" alt=\"\" class=\"wp-image-5144\" width=\"400\" height=\"300\" srcset=\"https:\/\/celinedugas-photographe.fr\/wp-content\/uploads\/2017\/03\/DSC02641-2R-705x529.jpg 705w, https:\/\/celinedugas-photographe.fr\/wp-content\/uploads\/2017\/03\/DSC02641-2R-987x740.jpg 987w\" sizes=\"auto, (max-width: 400px) 100vw, 400px\" \/><\/figure><\/div>\n\n\n<p class=\"has-text-align-center\"> <br>La s\u00e9ance Maternit\u00e9 se d\u00e9roule de pr\u00e9f\u00e9rence entre le 7\u00e8me et le 8\u00e8me mois. Pourquoi ?  <br>Car vous aurez un joli ventre bien rond, de belles courbes harmonieuses, et surtout vous ne serez pas encore TROP fatigu\u00e9e!<\/p>\n\n\n\n<p class=\"has-text-align-center\">Les s\u00e9ances ont, le plus souvent, lieu en ext\u00e9rieur. <br>Vous avez peur du mauvais temps ? Pas de panique, en cas d\u2019intemp\u00e9ries une nouvelle date vous sera propos\u00e9e! <br>Si vous pr\u00e9f\u00e9rez faire une s\u00e9ance type &lsquo;life style&rsquo;, en mode &lsquo;cocooning&rsquo; chez vous, c&rsquo;est tout \u00e0 fait possible! <br><br> La s\u00e9ance durera entre 1H et 1H30, vous pourrez changer de tenue autant de fois que vous le souhaitez! <br>J&rsquo;ai \u00e9galement \u00e0 votre disposition 5 jolies robes de grossesse, ainsi que quelques accessoires! <br><br> Le papa, ainsi que les enfants, pourront \u00e9galement participer \u00e0 la s\u00e9ance!<br>Une occasion de passer un bon moment en famille et de garder des souvenirs intemporels. <br><br> Comme pour toute r\u00e9servation un acompte de 30 % vous sera demand\u00e9 lors de la r\u00e9servation.<br>Ne tardez par trop \u00e0 r\u00e9server, n&rsquo;h\u00e9sitez pas \u00e0 m&rsquo;\u00e9crire si vous avez besoin d&rsquo;informations compl\u00e9mentaires. <br><br><br><\/p>\n\n\n\n<div style=\"height:100px\" aria-hidden=\"true\" class=\"wp-block-spacer\"><\/div>\n\n\n\n<figure class=\"wp-block-gallery has-nested-images columns-4 wp-block-gallery-1 is-layout-flex wp-block-gallery-is-layout-flex\">\n<figure class=\"wp-block-image size-large\"><a href=\"https:\/\/celinedugas-photographe.fr\/wp-content\/uploads\/2022\/11\/DSC06829-2.jpg\"><img loading=\"lazy\" decoding=\"async\" width=\"1024\" height=\"683\" data-id=\"5235\" src=\"https:\/\/celinedugas-photographe.fr\/wp-content\/uploads\/2022\/11\/DSC06829-2-1024x683.jpg\" alt=\"\" class=\"wp-image-5235\" srcset=\"https:\/\/celinedugas-photographe.fr\/wp-content\/uploads\/2022\/11\/DSC06829-2-1024x683.jpg 1024w, https:\/\/celinedugas-photographe.fr\/wp-content\/uploads\/2022\/11\/DSC06829-2-300x200.jpg 300w, https:\/\/celinedugas-photographe.fr\/wp-content\/uploads\/2022\/11\/DSC06829-2-768x512.jpg 768w, https:\/\/celinedugas-photographe.fr\/wp-content\/uploads\/2022\/11\/DSC06829-2-1536x1024.jpg 1536w, https:\/\/celinedugas-photographe.fr\/wp-content\/uploads\/2022\/11\/DSC06829-2-705x470.jpg 705w, https:\/\/celinedugas-photographe.fr\/wp-content\/uploads\/2022\/11\/DSC06829-2.jpg 1920w\" sizes=\"auto, (max-width: 1024px) 100vw, 1024px\" \/><\/a><\/figure>\n\n\n\n<figure class=\"wp-block-image size-large\"><a href=\"https:\/\/celinedugas-photographe.fr\/wp-content\/uploads\/2022\/08\/DSC04199-2-1.jpg\"><img loading=\"lazy\" decoding=\"async\" width=\"1024\" height=\"683\" data-id=\"5215\" src=\"https:\/\/celinedugas-photographe.fr\/wp-content\/uploads\/2022\/08\/DSC04199-2-1-1024x683.jpg\" alt=\"\" class=\"wp-image-5215\" srcset=\"https:\/\/celinedugas-photographe.fr\/wp-content\/uploads\/2022\/08\/DSC04199-2-1-1024x683.jpg 1024w, https:\/\/celinedugas-photographe.fr\/wp-content\/uploads\/2022\/08\/DSC04199-2-1-300x200.jpg 300w, https:\/\/celinedugas-photographe.fr\/wp-content\/uploads\/2022\/08\/DSC04199-2-1-768x512.jpg 768w, https:\/\/celinedugas-photographe.fr\/wp-content\/uploads\/2022\/08\/DSC04199-2-1-1536x1024.jpg 1536w, https:\/\/celinedugas-photographe.fr\/wp-content\/uploads\/2022\/08\/DSC04199-2-1-705x470.jpg 705w, https:\/\/celinedugas-photographe.fr\/wp-content\/uploads\/2022\/08\/DSC04199-2-1.jpg 1920w\" sizes=\"auto, (max-width: 1024px) 100vw, 1024px\" \/><\/a><\/figure>\n\n\n\n<figure class=\"wp-block-image size-large\"><a href=\"https:\/\/celinedugas-photographe.fr\/wp-content\/uploads\/2021\/12\/DSC01080-2R.jpg\"><img loading=\"lazy\" decoding=\"async\" width=\"1024\" height=\"683\" data-id=\"5191\" src=\"https:\/\/celinedugas-photographe.fr\/wp-content\/uploads\/2021\/12\/DSC01080-2R-1024x683.jpg\" alt=\"\" class=\"wp-image-5191\" srcset=\"https:\/\/celinedugas-photographe.fr\/wp-content\/uploads\/2021\/12\/DSC01080-2R-1024x683.jpg 1024w, https:\/\/celinedugas-photographe.fr\/wp-content\/uploads\/2021\/12\/DSC01080-2R-300x200.jpg 300w, https:\/\/celinedugas-photographe.fr\/wp-content\/uploads\/2021\/12\/DSC01080-2R-768x512.jpg 768w, https:\/\/celinedugas-photographe.fr\/wp-content\/uploads\/2021\/12\/DSC01080-2R-1536x1024.jpg 1536w, https:\/\/celinedugas-photographe.fr\/wp-content\/uploads\/2021\/12\/DSC01080-2R-705x470.jpg 705w, https:\/\/celinedugas-photographe.fr\/wp-content\/uploads\/2021\/12\/DSC01080-2R.jpg 1920w\" sizes=\"auto, (max-width: 1024px) 100vw, 1024px\" \/><\/a><\/figure>\n\n\n\n<figure class=\"wp-block-image size-large\"><a href=\"https:\/\/celinedugas-photographe.fr\/wp-content\/uploads\/2016\/03\/DSC02872.jpg\"><img loading=\"lazy\" decoding=\"async\" width=\"1024\" height=\"683\" data-id=\"4236\" src=\"https:\/\/celinedugas-photographe.fr\/wp-content\/uploads\/2016\/03\/DSC02872-1024x683.jpg\" alt=\"\" class=\"wp-image-4236\" srcset=\"https:\/\/celinedugas-photographe.fr\/wp-content\/uploads\/2016\/03\/DSC02872-1024x683.jpg 1024w, https:\/\/celinedugas-photographe.fr\/wp-content\/uploads\/2016\/03\/DSC02872-300x200.jpg 300w, https:\/\/celinedugas-photographe.fr\/wp-content\/uploads\/2016\/03\/DSC02872-768x512.jpg 768w, https:\/\/celinedugas-photographe.fr\/wp-content\/uploads\/2016\/03\/DSC02872-705x470.jpg 705w, https:\/\/celinedugas-photographe.fr\/wp-content\/uploads\/2016\/03\/DSC02872.jpg 2048w\" sizes=\"auto, (max-width: 1024px) 100vw, 1024px\" \/><\/a><\/figure>\n\n\n\n<figure class=\"wp-block-image size-large\"><a href=\"https:\/\/celinedugas-photographe.fr\/wp-content\/uploads\/2016\/03\/DSC02916-2.jpg\"><img loading=\"lazy\" decoding=\"async\" width=\"683\" height=\"1024\" data-id=\"4238\" src=\"https:\/\/celinedugas-photographe.fr\/wp-content\/uploads\/2016\/03\/DSC02916-2-683x1024.jpg\" alt=\"\" class=\"wp-image-4238\" srcset=\"https:\/\/celinedugas-photographe.fr\/wp-content\/uploads\/2016\/03\/DSC02916-2-683x1024.jpg 683w, https:\/\/celinedugas-photographe.fr\/wp-content\/uploads\/2016\/03\/DSC02916-2-200x300.jpg 200w, https:\/\/celinedugas-photographe.fr\/wp-content\/uploads\/2016\/03\/DSC02916-2-768x1152.jpg 768w, https:\/\/celinedugas-photographe.fr\/wp-content\/uploads\/2016\/03\/DSC02916-2-705x1058.jpg 705w, https:\/\/celinedugas-photographe.fr\/wp-content\/uploads\/2016\/03\/DSC02916-2.jpg 1365w\" sizes=\"auto, (max-width: 683px) 100vw, 683px\" \/><\/a><\/figure>\n\n\n\n<figure class=\"wp-block-image size-large\"><a href=\"https:\/\/celinedugas-photographe.fr\/wp-content\/uploads\/2021\/11\/DSC01186-2R.jpg\"><img loading=\"lazy\" decoding=\"async\" width=\"683\" height=\"1024\" data-id=\"5186\" src=\"https:\/\/celinedugas-photographe.fr\/wp-content\/uploads\/2021\/11\/DSC01186-2R-683x1024.jpg\" alt=\"\" class=\"wp-image-5186\" srcset=\"https:\/\/celinedugas-photographe.fr\/wp-content\/uploads\/2021\/11\/DSC01186-2R-683x1024.jpg 683w, https:\/\/celinedugas-photographe.fr\/wp-content\/uploads\/2021\/11\/DSC01186-2R-200x300.jpg 200w, https:\/\/celinedugas-photographe.fr\/wp-content\/uploads\/2021\/11\/DSC01186-2R-768x1152.jpg 768w, https:\/\/celinedugas-photographe.fr\/wp-content\/uploads\/2021\/11\/DSC01186-2R-1024x1536.jpg 1024w, https:\/\/celinedugas-photographe.fr\/wp-content\/uploads\/2021\/11\/DSC01186-2R-705x1058.jpg 705w, https:\/\/celinedugas-photographe.fr\/wp-content\/uploads\/2021\/11\/DSC01186-2R.jpg 1280w\" sizes=\"auto, (max-width: 683px) 100vw, 683px\" \/><\/a><\/figure>\n\n\n\n<figure class=\"wp-block-image size-large\"><a href=\"https:\/\/celinedugas-photographe.fr\/wp-content\/uploads\/2021\/12\/DSC01411-2R.jpg\"><img loading=\"lazy\" decoding=\"async\" width=\"683\" height=\"1024\" data-id=\"5189\" src=\"https:\/\/celinedugas-photographe.fr\/wp-content\/uploads\/2021\/12\/DSC01411-2R-683x1024.jpg\" alt=\"\" class=\"wp-image-5189\" srcset=\"https:\/\/celinedugas-photographe.fr\/wp-content\/uploads\/2021\/12\/DSC01411-2R-683x1024.jpg 683w, https:\/\/celinedugas-photographe.fr\/wp-content\/uploads\/2021\/12\/DSC01411-2R-200x300.jpg 200w, https:\/\/celinedugas-photographe.fr\/wp-content\/uploads\/2021\/12\/DSC01411-2R-768x1152.jpg 768w, https:\/\/celinedugas-photographe.fr\/wp-content\/uploads\/2021\/12\/DSC01411-2R-1024x1536.jpg 1024w, https:\/\/celinedugas-photographe.fr\/wp-content\/uploads\/2021\/12\/DSC01411-2R-705x1058.jpg 705w, https:\/\/celinedugas-photographe.fr\/wp-content\/uploads\/2021\/12\/DSC01411-2R.jpg 1280w\" sizes=\"auto, (max-width: 683px) 100vw, 683px\" \/><\/a><\/figure>\n\n\n\n<figure class=\"wp-block-image size-large\"><a href=\"https:\/\/celinedugas-photographe.fr\/wp-content\/uploads\/2017\/03\/DSC02745-2R.jpg\"><img loading=\"lazy\" decoding=\"async\" width=\"683\" height=\"1024\" data-id=\"5145\" src=\"https:\/\/celinedugas-photographe.fr\/wp-content\/uploads\/2017\/03\/DSC02745-2R-683x1024.jpg\" alt=\"\" class=\"wp-image-5145\" srcset=\"https:\/\/celinedugas-photographe.fr\/wp-content\/uploads\/2017\/03\/DSC02745-2R-683x1024.jpg 683w, https:\/\/celinedugas-photographe.fr\/wp-content\/uploads\/2017\/03\/DSC02745-2R-200x300.jpg 200w, https:\/\/celinedugas-photographe.fr\/wp-content\/uploads\/2017\/03\/DSC02745-2R-768x1152.jpg 768w, https:\/\/celinedugas-photographe.fr\/wp-content\/uploads\/2017\/03\/DSC02745-2R-1024x1536.jpg 1024w, https:\/\/celinedugas-photographe.fr\/wp-content\/uploads\/2017\/03\/DSC02745-2R-705x1058.jpg 705w, https:\/\/celinedugas-photographe.fr\/wp-content\/uploads\/2017\/03\/DSC02745-2R.jpg 1280w\" sizes=\"auto, (max-width: 683px) 100vw, 683px\" \/><\/a><\/figure>\n\n\n\n<figure class=\"wp-block-image size-large\"><a href=\"https:\/\/celinedugas-photographe.fr\/wp-content\/uploads\/2019\/01\/DSC01071.jpg\"><img loading=\"lazy\" decoding=\"async\" width=\"1024\" height=\"683\" data-id=\"4707\" src=\"https:\/\/celinedugas-photographe.fr\/wp-content\/uploads\/2019\/01\/DSC01071-1024x683.jpg\" alt=\"\" class=\"wp-image-4707\" srcset=\"https:\/\/celinedugas-photographe.fr\/wp-content\/uploads\/2019\/01\/DSC01071-1024x683.jpg 1024w, https:\/\/celinedugas-photographe.fr\/wp-content\/uploads\/2019\/01\/DSC01071-300x200.jpg 300w, https:\/\/celinedugas-photographe.fr\/wp-content\/uploads\/2019\/01\/DSC01071-768x512.jpg 768w, https:\/\/celinedugas-photographe.fr\/wp-content\/uploads\/2019\/01\/DSC01071-705x470.jpg 705w, https:\/\/celinedugas-photographe.fr\/wp-content\/uploads\/2019\/01\/DSC01071.jpg 2048w\" sizes=\"auto, (max-width: 1024px) 100vw, 1024px\" \/><\/a><\/figure>\n\n\n\n<figure class=\"wp-block-image size-large\"><a href=\"https:\/\/celinedugas-photographe.fr\/wp-content\/uploads\/2017\/03\/DSC08898RS.jpg\"><img loading=\"lazy\" decoding=\"async\" width=\"1024\" height=\"683\" data-id=\"4525\" src=\"https:\/\/celinedugas-photographe.fr\/wp-content\/uploads\/2017\/03\/DSC08898RS-1024x683.jpg\" alt=\"S\u00e9ance Maternit\u00e9\" class=\"wp-image-4525\" srcset=\"https:\/\/celinedugas-photographe.fr\/wp-content\/uploads\/2017\/03\/DSC08898RS-1024x683.jpg 1024w, https:\/\/celinedugas-photographe.fr\/wp-content\/uploads\/2017\/03\/DSC08898RS-300x200.jpg 300w, https:\/\/celinedugas-photographe.fr\/wp-content\/uploads\/2017\/03\/DSC08898RS-768x512.jpg 768w, https:\/\/celinedugas-photographe.fr\/wp-content\/uploads\/2017\/03\/DSC08898RS-705x470.jpg 705w, https:\/\/celinedugas-photographe.fr\/wp-content\/uploads\/2017\/03\/DSC08898RS.jpg 2048w\" sizes=\"auto, (max-width: 1024px) 100vw, 1024px\" \/><\/a><\/figure>\n\n\n\n<figure class=\"wp-block-image size-large\"><a href=\"https:\/\/celinedugas-photographe.fr\/wp-content\/uploads\/2019\/10\/DSC06632R.jpg\"><img loading=\"lazy\" decoding=\"async\" width=\"1024\" height=\"683\" data-id=\"4811\" src=\"https:\/\/celinedugas-photographe.fr\/wp-content\/uploads\/2019\/10\/DSC06632R-1024x683.jpg\" alt=\"\" class=\"wp-image-4811\" srcset=\"https:\/\/celinedugas-photographe.fr\/wp-content\/uploads\/2019\/10\/DSC06632R-1024x683.jpg 1024w, https:\/\/celinedugas-photographe.fr\/wp-content\/uploads\/2019\/10\/DSC06632R-300x200.jpg 300w, https:\/\/celinedugas-photographe.fr\/wp-content\/uploads\/2019\/10\/DSC06632R-768x512.jpg 768w, https:\/\/celinedugas-photographe.fr\/wp-content\/uploads\/2019\/10\/DSC06632R-705x470.jpg 705w, https:\/\/celinedugas-photographe.fr\/wp-content\/uploads\/2019\/10\/DSC06632R.jpg 1920w\" sizes=\"auto, (max-width: 1024px) 100vw, 1024px\" \/><\/a><\/figure>\n\n\n\n<figure class=\"wp-block-image size-large\"><a href=\"https:\/\/celinedugas-photographe.fr\/wp-content\/uploads\/2019\/10\/DSC06686-2R.jpg\"><img loading=\"lazy\" decoding=\"async\" width=\"1024\" height=\"683\" data-id=\"4814\" src=\"https:\/\/celinedugas-photographe.fr\/wp-content\/uploads\/2019\/10\/DSC06686-2R-1024x683.jpg\" alt=\"\" class=\"wp-image-4814\" srcset=\"https:\/\/celinedugas-photographe.fr\/wp-content\/uploads\/2019\/10\/DSC06686-2R-1024x683.jpg 1024w, https:\/\/celinedugas-photographe.fr\/wp-content\/uploads\/2019\/10\/DSC06686-2R-300x200.jpg 300w, https:\/\/celinedugas-photographe.fr\/wp-content\/uploads\/2019\/10\/DSC06686-2R-768x512.jpg 768w, https:\/\/celinedugas-photographe.fr\/wp-content\/uploads\/2019\/10\/DSC06686-2R-705x470.jpg 705w, https:\/\/celinedugas-photographe.fr\/wp-content\/uploads\/2019\/10\/DSC06686-2R.jpg 1920w\" sizes=\"auto, (max-width: 1024px) 100vw, 1024px\" \/><\/a><\/figure>\n\n\n\n<figure class=\"wp-block-image size-large\"><a href=\"https:\/\/celinedugas-photographe.fr\/wp-content\/uploads\/2017\/03\/DSC02641-2R.jpg\"><img loading=\"lazy\" decoding=\"async\" width=\"1024\" height=\"683\" data-id=\"5144\" src=\"https:\/\/celinedugas-photographe.fr\/wp-content\/uploads\/2017\/03\/DSC02641-2R-1024x683.jpg\" alt=\"\" class=\"wp-image-5144\" srcset=\"https:\/\/celinedugas-photographe.fr\/wp-content\/uploads\/2017\/03\/DSC02641-2R-1024x683.jpg 1024w, https:\/\/celinedugas-photographe.fr\/wp-content\/uploads\/2017\/03\/DSC02641-2R-300x200.jpg 300w, https:\/\/celinedugas-photographe.fr\/wp-content\/uploads\/2017\/03\/DSC02641-2R-768x512.jpg 768w, https:\/\/celinedugas-photographe.fr\/wp-content\/uploads\/2017\/03\/DSC02641-2R-1536x1024.jpg 1536w, https:\/\/celinedugas-photographe.fr\/wp-content\/uploads\/2017\/03\/DSC02641-2R-705x470.jpg 705w, https:\/\/celinedugas-photographe.fr\/wp-content\/uploads\/2017\/03\/DSC02641-2R.jpg 1920w\" sizes=\"auto, (max-width: 1024px) 100vw, 1024px\" \/><\/a><\/figure>\n\n\n\n<figure class=\"wp-block-image size-large\"><a href=\"https:\/\/celinedugas-photographe.fr\/wp-content\/uploads\/2019\/10\/DSC06607R.jpg\"><img loading=\"lazy\" decoding=\"async\" width=\"1024\" height=\"683\" data-id=\"4810\" src=\"https:\/\/celinedugas-photographe.fr\/wp-content\/uploads\/2019\/10\/DSC06607R-1024x683.jpg\" alt=\"\" class=\"wp-image-4810\" srcset=\"https:\/\/celinedugas-photographe.fr\/wp-content\/uploads\/2019\/10\/DSC06607R-1024x683.jpg 1024w, https:\/\/celinedugas-photographe.fr\/wp-content\/uploads\/2019\/10\/DSC06607R-300x200.jpg 300w, https:\/\/celinedugas-photographe.fr\/wp-content\/uploads\/2019\/10\/DSC06607R-768x512.jpg 768w, https:\/\/celinedugas-photographe.fr\/wp-content\/uploads\/2019\/10\/DSC06607R-705x470.jpg 705w, https:\/\/celinedugas-photographe.fr\/wp-content\/uploads\/2019\/10\/DSC06607R.jpg 1920w\" sizes=\"auto, (max-width: 1024px) 100vw, 1024px\" \/><\/a><\/figure>\n\n\n\n<figure class=\"wp-block-image size-large\"><a href=\"https:\/\/celinedugas-photographe.fr\/wp-content\/uploads\/2017\/03\/DSC06146-2.jpg\"><img loading=\"lazy\" decoding=\"async\" width=\"1024\" height=\"683\" data-id=\"4467\" src=\"https:\/\/celinedugas-photographe.fr\/wp-content\/uploads\/2017\/03\/DSC06146-2-1024x683.jpg\" alt=\"\" class=\"wp-image-4467\" srcset=\"https:\/\/celinedugas-photographe.fr\/wp-content\/uploads\/2017\/03\/DSC06146-2-1024x683.jpg 1024w, https:\/\/celinedugas-photographe.fr\/wp-content\/uploads\/2017\/03\/DSC06146-2-300x200.jpg 300w, https:\/\/celinedugas-photographe.fr\/wp-content\/uploads\/2017\/03\/DSC06146-2-768x512.jpg 768w, https:\/\/celinedugas-photographe.fr\/wp-content\/uploads\/2017\/03\/DSC06146-2-705x470.jpg 705w, https:\/\/celinedugas-photographe.fr\/wp-content\/uploads\/2017\/03\/DSC06146-2.jpg 2048w\" sizes=\"auto, (max-width: 1024px) 100vw, 1024px\" \/><\/a><\/figure>\n\n\n\n<figure class=\"wp-block-image size-large\"><a href=\"https:\/\/celinedugas-photographe.fr\/wp-content\/uploads\/2019\/06\/DSC03794-2R.jpg\"><img loading=\"lazy\" decoding=\"async\" width=\"1024\" height=\"683\" data-id=\"4771\" src=\"https:\/\/celinedugas-photographe.fr\/wp-content\/uploads\/2019\/06\/DSC03794-2R-1024x683.jpg\" alt=\"\" class=\"wp-image-4771\" srcset=\"https:\/\/celinedugas-photographe.fr\/wp-content\/uploads\/2019\/06\/DSC03794-2R-1024x683.jpg 1024w, https:\/\/celinedugas-photographe.fr\/wp-content\/uploads\/2019\/06\/DSC03794-2R-300x200.jpg 300w, https:\/\/celinedugas-photographe.fr\/wp-content\/uploads\/2019\/06\/DSC03794-2R-768x512.jpg 768w, https:\/\/celinedugas-photographe.fr\/wp-content\/uploads\/2019\/06\/DSC03794-2R-705x470.jpg 705w, https:\/\/celinedugas-photographe.fr\/wp-content\/uploads\/2019\/06\/DSC03794-2R.jpg 2048w\" sizes=\"auto, (max-width: 1024px) 100vw, 1024px\" \/><\/a><\/figure>\n\n\n\n<figure class=\"wp-block-image size-large\"><a href=\"https:\/\/celinedugas-photographe.fr\/wp-content\/uploads\/2022\/08\/DSC04205-2.jpg\"><img loading=\"lazy\" decoding=\"async\" width=\"683\" height=\"1024\" data-id=\"5217\" src=\"https:\/\/celinedugas-photographe.fr\/wp-content\/uploads\/2022\/08\/DSC04205-2-683x1024.jpg\" alt=\"\" class=\"wp-image-5217\" srcset=\"https:\/\/celinedugas-photographe.fr\/wp-content\/uploads\/2022\/08\/DSC04205-2-683x1024.jpg 683w, https:\/\/celinedugas-photographe.fr\/wp-content\/uploads\/2022\/08\/DSC04205-2-200x300.jpg 200w, https:\/\/celinedugas-photographe.fr\/wp-content\/uploads\/2022\/08\/DSC04205-2-768x1152.jpg 768w, https:\/\/celinedugas-photographe.fr\/wp-content\/uploads\/2022\/08\/DSC04205-2-1024x1536.jpg 1024w, https:\/\/celinedugas-photographe.fr\/wp-content\/uploads\/2022\/08\/DSC04205-2-705x1058.jpg 705w, https:\/\/celinedugas-photographe.fr\/wp-content\/uploads\/2022\/08\/DSC04205-2.jpg 1280w\" sizes=\"auto, (max-width: 683px) 100vw, 683px\" \/><\/a><\/figure>\n\n\n\n<figure class=\"wp-block-image size-large\"><a href=\"https:\/\/celinedugas-photographe.fr\/wp-content\/uploads\/2022\/11\/DSC06741-2.jpg\"><img loading=\"lazy\" decoding=\"async\" width=\"683\" height=\"1024\" data-id=\"5236\" src=\"https:\/\/celinedugas-photographe.fr\/wp-content\/uploads\/2022\/11\/DSC06741-2-683x1024.jpg\" alt=\"\" class=\"wp-image-5236\" srcset=\"https:\/\/celinedugas-photographe.fr\/wp-content\/uploads\/2022\/11\/DSC06741-2-683x1024.jpg 683w, https:\/\/celinedugas-photographe.fr\/wp-content\/uploads\/2022\/11\/DSC06741-2-200x300.jpg 200w, https:\/\/celinedugas-photographe.fr\/wp-content\/uploads\/2022\/11\/DSC06741-2-768x1152.jpg 768w, https:\/\/celinedugas-photographe.fr\/wp-content\/uploads\/2022\/11\/DSC06741-2-1024x1536.jpg 1024w, https:\/\/celinedugas-photographe.fr\/wp-content\/uploads\/2022\/11\/DSC06741-2-705x1058.jpg 705w, https:\/\/celinedugas-photographe.fr\/wp-content\/uploads\/2022\/11\/DSC06741-2.jpg 1280w\" sizes=\"auto, (max-width: 683px) 100vw, 683px\" \/><\/a><\/figure>\n\n\n\n<figure class=\"wp-block-image size-large\"><a href=\"https:\/\/celinedugas-photographe.fr\/wp-content\/uploads\/2017\/03\/DSC027301-2R.jpg\"><img loading=\"lazy\" decoding=\"async\" width=\"683\" height=\"1024\" data-id=\"5146\" src=\"https:\/\/celinedugas-photographe.fr\/wp-content\/uploads\/2017\/03\/DSC027301-2R-683x1024.jpg\" alt=\"\" class=\"wp-image-5146\" srcset=\"https:\/\/celinedugas-photographe.fr\/wp-content\/uploads\/2017\/03\/DSC027301-2R-683x1024.jpg 683w, https:\/\/celinedugas-photographe.fr\/wp-content\/uploads\/2017\/03\/DSC027301-2R-200x300.jpg 200w, https:\/\/celinedugas-photographe.fr\/wp-content\/uploads\/2017\/03\/DSC027301-2R-768x1152.jpg 768w, https:\/\/celinedugas-photographe.fr\/wp-content\/uploads\/2017\/03\/DSC027301-2R-1024x1536.jpg 1024w, https:\/\/celinedugas-photographe.fr\/wp-content\/uploads\/2017\/03\/DSC027301-2R-705x1058.jpg 705w, https:\/\/celinedugas-photographe.fr\/wp-content\/uploads\/2017\/03\/DSC027301-2R.jpg 1280w\" sizes=\"auto, (max-width: 683px) 100vw, 683px\" \/><\/a><\/figure>\n\n\n\n<figure class=\"wp-block-image size-large\"><a href=\"https:\/\/celinedugas-photographe.fr\/wp-content\/uploads\/2022\/08\/DSC04172-2R.jpg\"><img loading=\"lazy\" decoding=\"async\" width=\"683\" height=\"1024\" data-id=\"5216\" src=\"https:\/\/celinedugas-photographe.fr\/wp-content\/uploads\/2022\/08\/DSC04172-2R-683x1024.jpg\" alt=\"\" class=\"wp-image-5216\" srcset=\"https:\/\/celinedugas-photographe.fr\/wp-content\/uploads\/2022\/08\/DSC04172-2R-683x1024.jpg 683w, https:\/\/celinedugas-photographe.fr\/wp-content\/uploads\/2022\/08\/DSC04172-2R-200x300.jpg 200w, https:\/\/celinedugas-photographe.fr\/wp-content\/uploads\/2022\/08\/DSC04172-2R-768x1152.jpg 768w, https:\/\/celinedugas-photographe.fr\/wp-content\/uploads\/2022\/08\/DSC04172-2R-1024x1536.jpg 1024w, https:\/\/celinedugas-photographe.fr\/wp-content\/uploads\/2022\/08\/DSC04172-2R-705x1058.jpg 705w, https:\/\/celinedugas-photographe.fr\/wp-content\/uploads\/2022\/08\/DSC04172-2R.jpg 1280w\" sizes=\"auto, (max-width: 683px) 100vw, 683px\" \/><\/a><\/figure>\n<\/figure>\n","protected":false},"excerpt":{"rendered":"<p>La s\u00e9ance Maternit\u00e9 se d\u00e9roule de pr\u00e9f\u00e9rence entre le 7\u00e8me et le 8\u00e8me mois. Pourquoi ? Car vous aurez un joli ventre bien rond, de belles courbes harmonieuses, et surtout vous ne serez pas encore TROP fatigu\u00e9e! Les s\u00e9ances ont, [&hellip;]<\/p>\n","protected":false},"author":2,"featured_media":0,"parent":0,"menu_order":0,"comment_status":"closed","ping_status":"closed","template":"","meta":{"footnotes":""},"class_list":["post-5024","page","type-page","status-publish","hentry"],"_links":{"self":[{"href":"https:\/\/celinedugas-photographe.fr\/index.php?rest_route=\/wp\/v2\/pages\/5024","targetHints":{"allow":["GET"]}}],"collection":[{"href":"https:\/\/celinedugas-photographe.fr\/index.php?rest_route=\/wp\/v2\/pages"}],"about":[{"href":"https:\/\/celinedugas-photographe.fr\/index.php?rest_route=\/wp\/v2\/types\/page"}],"author":[{"embeddable":true,"href":"https:\/\/celinedugas-photographe.fr\/index.php?rest_route=\/wp\/v2\/users\/2"}],"replies":[{"embeddable":true,"href":"https:\/\/celinedugas-photographe.fr\/index.php?rest_route=%2Fwp%2Fv2%2Fcomments&post=5024"}],"version-history":[{"count":11,"href":"https:\/\/celinedugas-photographe.fr\/index.php?rest_route=\/wp\/v2\/pages\/5024\/revisions"}],"predecessor-version":[{"id":5237,"href":"https:\/\/celinedugas-photographe.fr\/index.php?rest_route=\/wp\/v2\/pages\/5024\/revisions\/5237"}],"wp:attachment":[{"href":"https:\/\/celinedugas-photographe.fr\/index.php?rest_route=%2Fwp%2Fv2%2Fmedia&parent=5024"}],"curies":[{"name":"wp","href":"https:\/\/api.w.org\/{rel}","templated":true}]}}